{"id":2978,"date":"2022-05-08T18:41:22","date_gmt":"2022-05-08T15:41:22","guid":{"rendered":"https:\/\/staging2.moschoula.com\/questions-frequentes\/"},"modified":"2022-05-26T18:30:36","modified_gmt":"2022-05-26T15:30:36","slug":"questions-frequentes","status":"publish","type":"page","link":"https:\/\/moschoula.com\/fr\/questions-frequentes\/","title":{"rendered":"Questions Fr\u00e9quentes"},"content":{"rendered":"<div  class='flex_column av-5y5v77-c9e530e3c0250fa7187edd86fa370ea8 av_one_full  avia-builder-el-0  el_before_av_one_third  avia-builder-el-first  first flex_column_div  '     ><style type=\"text\/css\" data-created_by=\"avia_inline_auto\" id=\"style-css-av-l35ur9q6-199bf1e58eaa5dd7cc51c749a485e3ee\">\n#top .av-special-heading.av-l35ur9q6-199bf1e58eaa5dd7cc51c749a485e3ee{\npadding-bottom:10px;\n}\nbody .av-special-heading.av-l35ur9q6-199bf1e58eaa5dd7cc51c749a485e3ee .av-special-heading-tag .heading-char{\nfont-size:25px;\n}\n.av-special-heading.av-l35ur9q6-199bf1e58eaa5dd7cc51c749a485e3ee .av-subheading{\nfont-size:15px;\n}\n<\/style>\n<div  class='av-special-heading av-l35ur9q6-199bf1e58eaa5dd7cc51c749a485e3ee av-special-heading-h3  avia-builder-el-1  avia-builder-el-no-sibling '><h3 class='av-special-heading-tag '  itemprop=\"headline\"  >Questions fr\u00e9quemment pos\u00e9es<\/h3><div class=\"special-heading-border\"><div class=\"special-heading-inner-border\"><\/div><\/div><\/div><\/div>\n<div  class='flex_column av-4gnn2b-c17a53b882103483b7773ba8befee3e1 av_one_third  avia-builder-el-2  el_after_av_one_full  el_before_av_two_third  first flex_column_div  column-top-margin'     ><style type=\"text\/css\" data-created_by=\"avia_inline_auto\" id=\"style-css-av-l35uubd5-06b2739fd05da1a873dee7f83b5c3b14\">\n.avia-image-container.av-l35uubd5-06b2739fd05da1a873dee7f83b5c3b14 img.avia_image{\nbox-shadow:none;\n}\n.avia-image-container.av-l35uubd5-06b2739fd05da1a873dee7f83b5c3b14 .av-image-caption-overlay-center{\ncolor:#ffffff;\n}\n<\/style>\n<div  class='avia-image-container av-l35uubd5-06b2739fd05da1a873dee7f83b5c3b14 av-styling- av-img-linked avia-align-center  avia-builder-el-3  avia-builder-el-no-sibling '   itemprop=\"image\" itemscope=\"itemscope\" itemtype=\"https:\/\/schema.org\/ImageObject\" ><div class=\"avia-image-container-inner\"><div class=\"avia-image-overlay-wrap\"><a href=\"https:\/\/moschoula.com\/wp-content\/uploads\/2022\/05\/roof-terrace-parikia.jpg\" data-srcset=\"https:\/\/moschoula.com\/wp-content\/uploads\/2022\/05\/roof-terrace-parikia.jpg 598w, https:\/\/moschoula.com\/wp-content\/uploads\/2022\/05\/roof-terrace-parikia-300x223.jpg 300w\" data-sizes=\"(max-width: 598px) 100vw, 598px\" class='avia_image '  aria-label='Questions Fr\u00e9quentes'><img decoding=\"async\" fetchpriority=\"high\" class='wp-image-2528 avia-img-lazy-loading-not-2528 avia_image ' src=\"https:\/\/moschoula.com\/wp-content\/uploads\/2022\/05\/roof-terrace-parikia-300x223.jpg\" alt='Questions Fr\u00e9quentes' title='Questions Fr\u00e9quentes'  height=\"223\" width=\"300\"  itemprop=\"thumbnailUrl\" srcset=\"https:\/\/moschoula.com\/wp-content\/uploads\/2022\/05\/roof-terrace-parikia-300x223.jpg 300w, https:\/\/moschoula.com\/wp-content\/uploads\/2022\/05\/roof-terrace-parikia.jpg 598w\" sizes=\"(max-width: 300px) 100vw, 300px\" \/><\/a><\/div><\/div><\/div><\/div>\n<div  class='flex_column av-31asf7-c0bb4cdc3fe353d798e5d28c5646d18a av_two_third  avia-builder-el-4  el_after_av_one_third  el_before_av_one_full  flex_column_div  column-top-margin'     ><section  class='av_textblock_section av-l35uvjng-1c1273f319f0d9f8294d089271a0e4fc '   itemscope=\"itemscope\" itemtype=\"https:\/\/schema.org\/CreativeWork\" ><div class='avia_textblock'  itemprop=\"text\" ><p><strong>Des questions sur les Studios et Appartements Moschoula ?<\/strong><br \/>\nEn savoir plus sur votre s\u00e9jour et les H\u00e9bergements de Moschoula.<br \/>\nPour plus d&rsquo;informations, <a href=\"https:\/\/moschoula.com\/fr\/contact-situation\/\">contactez<\/a> les propri\u00e9taires.<br \/>\nN&rsquo;h\u00e9sitez pas \u00e0 vous renseigner sur les services suppl\u00e9mentaires qui pourraient rendre votre s\u00e9jour confortable et agr\u00e9able.<\/p>\n<\/div><\/section><\/div>\n<div  class='flex_column av-639zab-cbba921138c35609c50deb191a3cc468 av_one_full  avia-builder-el-6  el_after_av_two_third  avia-builder-el-last  first flex_column_div  column-top-margin'     ><div  class='togglecontainer av-l2xgpui1-3114845ad1c64d7192d44812ed480d15 av-elegant-toggle  avia-builder-el-7  avia-builder-el-no-sibling  toggle_close_all'  itemscope=\"itemscope\" itemtype=\"https:\/\/schema.org\/FAQPage\" >\n<section class='av_toggle_section av-l2xgptm7-6b8a3529aebfc4216f47ae6c30a0d7ec'  itemscope=\"itemscope\" itemprop=\"mainEntity\" itemtype=\"https:\/\/schema.org\/Question\" ><div role=\"tablist\" class=\"single_toggle\" data-tags=\"{Tout} \"  ><p id='toggle-toggle-id-1' data-fake-id='#toggle-id-1' class='toggler  av-title-above '  itemprop=\"name\"  role='tab' tabindex='0' aria-controls='toggle-id-1' data-slide-speed=\"200\" data-title=\"Comment me rendre du port de Parikia aux Studios Moschoula? \" data-title-open=\"\" data-aria_collapsed=\"Click to expand: Comment me rendre du port de Parikia aux Studios Moschoula? \" data-aria_expanded=\"Click to collapse: Comment me rendre du port de Parikia aux Studios Moschoula? \">Comment me rendre du port de Parikia aux Studios Moschoula? <span class=\"toggle_icon\"><span class=\"vert_icon\"><\/span><span class=\"hor_icon\"><\/span><\/span><\/p><div id='toggle-id-1' aria-labelledby='toggle-toggle-id-1' role='region' class='toggle_wrap  av-title-above'   itemscope=\"itemscope\" itemprop=\"acceptedAnswer\" itemtype=\"https:\/\/schema.org\/Answer\" ><div class='toggle_content invers-color '  itemprop=\"text\" ><p>H\u00e9bergement est \u00e0 moins de 10 minutes \u00e0 pied. Suivez les <a href=\"https:\/\/www.google.com\/maps\/dir\/Paros+port\/Moschoula+Studios,+Epar.Od.+Parikias-Piso+Livadiou+23,+Paros+844+00\/@37.0864205,25.1541861,18z\/am=t\/data=!4m14!4m13!1m5!1m1!1s0x149871c72cd552d1:0x46391c473444ea8!2m2!1d25.1531391!2d37.0869813!1m5!1m1!1s0x1498710e46a7e6e7:0xf612779aa01b77e7!2m2!1d25.1573708!2d37.0864112!3e2\" target=\"_blank\" rel=\"noopener\">indications de Google<\/a>.<\/p>\n<p>Vous pouvez \u00e9galement prendre un taxi qui devrait co\u00fbter environ 10 \u20ac. Demandez au chauffeur de vous conduire aux locations de Moschoula Fokianou.<\/p>\n<\/div><\/div><\/div><\/section>\n<section class='av_toggle_section av-7j0jr7-317563aa9bfe57124ec9723c42f34c55'  itemscope=\"itemscope\" itemprop=\"mainEntity\" itemtype=\"https:\/\/schema.org\/Question\" ><div role=\"tablist\" class=\"single_toggle\" data-tags=\"{Tout} \"  ><p id='toggle-toggle-id-2' data-fake-id='#toggle-id-2' class='toggler  av-title-above '  itemprop=\"name\"  role='tab' tabindex='0' aria-controls='toggle-id-2' data-slide-speed=\"200\" data-title=\"Acceptez-vous les cartes de cr\u00e9dit?\" data-title-open=\"\" data-aria_collapsed=\"Click to expand: Acceptez-vous les cartes de cr\u00e9dit?\" data-aria_expanded=\"Click to collapse: Acceptez-vous les cartes de cr\u00e9dit?\">Acceptez-vous les cartes de cr\u00e9dit?<span class=\"toggle_icon\"><span class=\"vert_icon\"><\/span><span class=\"hor_icon\"><\/span><\/span><\/p><div id='toggle-id-2' aria-labelledby='toggle-toggle-id-2' role='region' class='toggle_wrap  av-title-above'   itemscope=\"itemscope\" itemprop=\"acceptedAnswer\" itemtype=\"https:\/\/schema.org\/Answer\" ><div class='toggle_content invers-color '  itemprop=\"text\" ><p>Bien s\u00fbr !<\/p>\n<\/div><\/div><\/div><\/section>\n<section class='av_toggle_section av-l35vljrz-d3f3f114a6b5d5941ef9febfbf63cb9c'  itemscope=\"itemscope\" itemprop=\"mainEntity\" itemtype=\"https:\/\/schema.org\/Question\" ><div role=\"tablist\" class=\"single_toggle\" data-tags=\"{Tout} \"  ><p id='toggle-toggle-id-3' data-fake-id='#toggle-id-3' class='toggler  av-title-above '  itemprop=\"name\"  role='tab' tabindex='0' aria-controls='toggle-id-3' data-slide-speed=\"200\" data-title=\"Puis-je boire l\u2019eau du robinet?\" data-title-open=\"\" data-aria_collapsed=\"Click to expand: Puis-je boire l\u2019eau du robinet?\" data-aria_expanded=\"Click to collapse: Puis-je boire l\u2019eau du robinet?\">Puis-je boire l\u2019eau du robinet?<span class=\"toggle_icon\"><span class=\"vert_icon\"><\/span><span class=\"hor_icon\"><\/span><\/span><\/p><div id='toggle-id-3' aria-labelledby='toggle-toggle-id-3' role='region' class='toggle_wrap  av-title-above'   itemscope=\"itemscope\" itemprop=\"acceptedAnswer\" itemtype=\"https:\/\/schema.org\/Answer\" ><div class='toggle_content invers-color '  itemprop=\"text\" ><p>L&rsquo;eau du robinet \u00e0 Paros est potable !<\/p>\n<p>La <a href=\"https:\/\/www.deya-parou.gr\/en\/drink-tap-water\/\" target=\"_blank\" rel=\"noopener\"><strong>Soci\u00e9t\u00e9 d&rsquo;approvisionnement en eau de Paros<\/strong><\/a> effectue r\u00e9guli\u00e8rement des tests de la qualit\u00e9 de l&rsquo;eau &#8211; partout sur l&rsquo;\u00eele, et \u00e0 diff\u00e9rentes p\u00e9riodes de l&rsquo;ann\u00e9e. L&rsquo;eau est \u00e9galement test\u00e9e par des organisations tierces et ind\u00e9pendantes, dont le d\u00e9partement de la sant\u00e9 publique de Paros et l&rsquo;Institut g\u00e9ologique national.<\/p>\n<p>En \u00e9vitant les bouteilles d&rsquo;eau, vous contribuez \u00e0 pr\u00e9server l&rsquo;\u00eele et la mer de tout plastique.<\/p>\n<\/div><\/div><\/div><\/section>\n<section class='av_toggle_section av-l35vm8o7-f3ea7419dfd411d1e260908b44c4864c'  itemscope=\"itemscope\" itemprop=\"mainEntity\" itemtype=\"https:\/\/schema.org\/Question\" ><div role=\"tablist\" class=\"single_toggle\" data-tags=\"{Tout} \"  ><p id='toggle-toggle-id-4' data-fake-id='#toggle-id-4' class='toggler  av-title-above '  itemprop=\"name\"  role='tab' tabindex='0' aria-controls='toggle-id-4' data-slide-speed=\"200\" data-title=\"Les animaux de compagnie sont-ils accept\u00e9s ?\" data-title-open=\"\" data-aria_collapsed=\"Click to expand: Les animaux de compagnie sont-ils accept\u00e9s ?\" data-aria_expanded=\"Click to collapse: Les animaux de compagnie sont-ils accept\u00e9s ?\">Les animaux de compagnie sont-ils accept\u00e9s ?<span class=\"toggle_icon\"><span class=\"vert_icon\"><\/span><span class=\"hor_icon\"><\/span><\/span><\/p><div id='toggle-id-4' aria-labelledby='toggle-toggle-id-4' role='region' class='toggle_wrap  av-title-above'   itemscope=\"itemscope\" itemprop=\"acceptedAnswer\" itemtype=\"https:\/\/schema.org\/Answer\" ><div class='toggle_content invers-color '  itemprop=\"text\" ><p>Oui, mais apr\u00e8s demande.<\/p>\n<\/div><\/div><\/div><\/section>\n<section class='av_toggle_section av-l35vmyys-b49e80e5447569de8a853c46c524a09e'  itemscope=\"itemscope\" itemprop=\"mainEntity\" itemtype=\"https:\/\/schema.org\/Question\" ><div role=\"tablist\" class=\"single_toggle\" data-tags=\"{Tout} \"  ><p id='toggle-toggle-id-5' data-fake-id='#toggle-id-5' class='toggler  av-title-above '  itemprop=\"name\"  role='tab' tabindex='0' aria-controls='toggle-id-5' data-slide-speed=\"200\" data-title=\"Quelle est la distance entre les studios Moscoula et le port, le centre-ville ?\" data-title-open=\"\" data-aria_collapsed=\"Click to expand: Quelle est la distance entre les studios Moscoula et le port, le centre-ville ?\" data-aria_expanded=\"Click to collapse: Quelle est la distance entre les studios Moscoula et le port, le centre-ville ?\">Quelle est la distance entre les studios Moscoula et le port, le centre-ville ?<span class=\"toggle_icon\"><span class=\"vert_icon\"><\/span><span class=\"hor_icon\"><\/span><\/span><\/p><div id='toggle-id-5' aria-labelledby='toggle-toggle-id-5' role='region' class='toggle_wrap  av-title-above'   itemscope=\"itemscope\" itemprop=\"acceptedAnswer\" itemtype=\"https:\/\/schema.org\/Answer\" ><div class='toggle_content invers-color '  itemprop=\"text\" ><p>Les studios Moschoula sont \u00e0 550 m\u00e8tres du port et du centre-ville.<\/p>\n<\/div><\/div><\/div><\/section>\n<section class='av_toggle_section av-l35voia9-954fbde2255410b1bd0da79cdc2d7ae8'  itemscope=\"itemscope\" itemprop=\"mainEntity\" itemtype=\"https:\/\/schema.org\/Question\" ><div role=\"tablist\" class=\"single_toggle\" data-tags=\"{Tout} \"  ><p id='toggle-toggle-id-6' data-fake-id='#toggle-id-6' class='toggler  av-title-above '  itemprop=\"name\"  role='tab' tabindex='0' aria-controls='toggle-id-6' data-slide-speed=\"200\" data-title=\"Les draps et les serviettes de toilette sont-ils fournis ?\" data-title-open=\"\" data-aria_collapsed=\"Click to expand: Les draps et les serviettes de toilette sont-ils fournis ?\" data-aria_expanded=\"Click to collapse: Les draps et les serviettes de toilette sont-ils fournis ?\">Les draps et les serviettes de toilette sont-ils fournis ?<span class=\"toggle_icon\"><span class=\"vert_icon\"><\/span><span class=\"hor_icon\"><\/span><\/span><\/p><div id='toggle-id-6' aria-labelledby='toggle-toggle-id-6' role='region' class='toggle_wrap  av-title-above'   itemscope=\"itemscope\" itemprop=\"acceptedAnswer\" itemtype=\"https:\/\/schema.org\/Answer\" ><div class='toggle_content invers-color '  itemprop=\"text\" ><p>Oui. Les serviettes sont chang\u00e9es tous les 2 jours et les draps de lit tous les 3 jours. Le m\u00e9nage est assur\u00e9 tous les deux jours, mais vous pouvez \u00e9galement demander un m\u00e9nage quotidien.<\/p>\n<\/div><\/div><\/div><\/section>\n<section class='av_toggle_section av-l35vp7qy-87ad501dddd84e19c552da3f73b0eb61'  itemscope=\"itemscope\" itemprop=\"mainEntity\" itemtype=\"https:\/\/schema.org\/Question\" ><div role=\"tablist\" class=\"single_toggle\" data-tags=\"{Tout} \"  ><p id='toggle-toggle-id-7' data-fake-id='#toggle-id-7' class='toggler  av-title-above '  itemprop=\"name\"  role='tab' tabindex='0' aria-controls='toggle-id-7' data-slide-speed=\"200\" data-title=\"A quelle distance se trouve la plage la plus proche ?\" data-title-open=\"\" data-aria_collapsed=\"Click to expand: A quelle distance se trouve la plage la plus proche ?\" data-aria_expanded=\"Click to collapse: A quelle distance se trouve la plage la plus proche ?\">A quelle distance se trouve la plage la plus proche ?<span class=\"toggle_icon\"><span class=\"vert_icon\"><\/span><span class=\"hor_icon\"><\/span><\/span><\/p><div id='toggle-id-7' aria-labelledby='toggle-toggle-id-7' role='region' class='toggle_wrap  av-title-above'   itemscope=\"itemscope\" itemprop=\"acceptedAnswer\" itemtype=\"https:\/\/schema.org\/Answer\" ><div class='toggle_content invers-color '  itemprop=\"text\" ><p>La plage de Livadia est \u00e0 550m. \u00c0 Livadia, vous trouverez \u00e9galement de nombreux caf\u00e9s et restaurants et quelques magasins.<\/p>\n<\/div><\/div><\/div><\/section>\n<section class='av_toggle_section av-l35vp7qy-82b5d7b59dc8cadf54caef5f601f7e78'  itemscope=\"itemscope\" itemprop=\"mainEntity\" itemtype=\"https:\/\/schema.org\/Question\" ><div role=\"tablist\" class=\"single_toggle\" data-tags=\"{Tout} \"  ><p id='toggle-toggle-id-8' data-fake-id='#toggle-id-8' class='toggler  av-title-above '  itemprop=\"name\"  role='tab' tabindex='0' aria-controls='toggle-id-8' data-slide-speed=\"200\" data-title=\"Y a-t-il un parking a proximit\u00e9 ?\" data-title-open=\"\" data-aria_collapsed=\"Click to expand: Y a-t-il un parking a proximit\u00e9 ?\" data-aria_expanded=\"Click to collapse: Y a-t-il un parking a proximit\u00e9 ?\">Y a-t-il un parking a proximit\u00e9 ?<span class=\"toggle_icon\"><span class=\"vert_icon\"><\/span><span class=\"hor_icon\"><\/span><\/span><\/p><div id='toggle-id-8' aria-labelledby='toggle-toggle-id-8' role='region' class='toggle_wrap  av-title-above'   itemscope=\"itemscope\" itemprop=\"acceptedAnswer\" itemtype=\"https:\/\/schema.org\/Answer\" ><div class='toggle_content invers-color '  itemprop=\"text\" ><p>Oui, vous pouvez vous garer sans probl\u00e8me dans la rue devant les Studios Moschoula.<\/p>\n<\/div><\/div><\/div><\/section>\n<\/div><\/div>\n","protected":false},"excerpt":{"rendered":"","protected":false},"author":1,"featured_media":0,"parent":0,"menu_order":0,"comment_status":"closed","ping_status":"closed","template":"","meta":{"footnotes":""},"class_list":["post-2978","page","type-page","status-publish","hentry"],"yoast_head":"<!-- This site is optimized with the Yoast SEO plugin v27.4 - https:\/\/yoast.com\/product\/yoast-seo-wordpress\/ -->\n<title>Questions Fr\u00e9quentes - Moschoula Paros Accommodation<\/title>\n<meta name=\"description\" content=\"Des questions sur les Studios et Appartements Moschoula ? Quelques renseignements utiles pour votre s\u00e9jour \u00e0 Paros. Pour de plus amples informations, n&#039;h\u00e9sitez pas \u00e0 contacter Moschoula. Demandez-nous si vous souhaitez des prestations suppl\u00e9mentaires pour rendre votre s\u00e9jour encore plus agr\u00e9able.\" \/>\n<meta name=\"robots\" content=\"index, follow, max-snippet:-1, max-image-preview:large, max-video-preview:-1\" \/>\n<link rel=\"canonical\" href=\"https:\/\/moschoula.com\/fr\/questions-frequentes\/\" \/>\n<meta property=\"og:locale\" content=\"fr_FR\" \/>\n<meta property=\"og:type\" content=\"article\" \/>\n<meta property=\"og:title\" content=\"Questions Fr\u00e9quentes - Moschoula Paros Accommodation\" \/>\n<meta property=\"og:description\" content=\"Des questions sur les Studios et Appartements Moschoula ? Quelques renseignements utiles pour votre s\u00e9jour \u00e0 Paros. Pour de plus amples informations, n&#039;h\u00e9sitez pas \u00e0 contacter Moschoula. Demandez-nous si vous souhaitez des prestations suppl\u00e9mentaires pour rendre votre s\u00e9jour encore plus agr\u00e9able.\" \/>\n<meta property=\"og:url\" content=\"https:\/\/moschoula.com\/fr\/questions-frequentes\/\" \/>\n<meta property=\"og:site_name\" content=\"Moschoula Paros Accommodation\" \/>\n<meta property=\"article:modified_time\" content=\"2022-05-26T15:30:36+00:00\" \/>\n<meta name=\"twitter:card\" content=\"summary_large_image\" \/>\n<meta name=\"twitter:label1\" content=\"Dur\u00e9e de lecture estim\u00e9e\" \/>\n\t<meta name=\"twitter:data1\" content=\"9 minutes\" \/>\n<script type=\"application\/ld+json\" class=\"yoast-schema-graph\">{\"@context\":\"https:\\\/\\\/schema.org\",\"@graph\":[{\"@type\":\"WebPage\",\"@id\":\"https:\\\/\\\/moschoula.com\\\/fr\\\/questions-frequentes\\\/\",\"url\":\"https:\\\/\\\/moschoula.com\\\/fr\\\/questions-frequentes\\\/\",\"name\":\"Questions Fr\u00e9quentes - Moschoula Paros Accommodation\",\"isPartOf\":{\"@id\":\"https:\\\/\\\/moschoula.com\\\/fr\\\/#website\"},\"datePublished\":\"2022-05-08T15:41:22+00:00\",\"dateModified\":\"2022-05-26T15:30:36+00:00\",\"description\":\"Des questions sur les Studios et Appartements Moschoula ? Quelques renseignements utiles pour votre s\u00e9jour \u00e0 Paros. Pour de plus amples informations, n'h\u00e9sitez pas \u00e0 contacter Moschoula. Demandez-nous si vous souhaitez des prestations suppl\u00e9mentaires pour rendre votre s\u00e9jour encore plus agr\u00e9able.\",\"breadcrumb\":{\"@id\":\"https:\\\/\\\/moschoula.com\\\/fr\\\/questions-frequentes\\\/#breadcrumb\"},\"inLanguage\":\"fr-FR\",\"potentialAction\":[{\"@type\":\"ReadAction\",\"target\":[\"https:\\\/\\\/moschoula.com\\\/fr\\\/questions-frequentes\\\/\"]}]},{\"@type\":\"BreadcrumbList\",\"@id\":\"https:\\\/\\\/moschoula.com\\\/fr\\\/questions-frequentes\\\/#breadcrumb\",\"itemListElement\":[{\"@type\":\"ListItem\",\"position\":1,\"name\":\"Home\",\"item\":\"https:\\\/\\\/moschoula.com\\\/fr\\\/hebergement-paros\\\/\"},{\"@type\":\"ListItem\",\"position\":2,\"name\":\"Questions Fr\u00e9quentes\"}]},{\"@type\":\"WebSite\",\"@id\":\"https:\\\/\\\/moschoula.com\\\/fr\\\/#website\",\"url\":\"https:\\\/\\\/moschoula.com\\\/fr\\\/\",\"name\":\"Moschoula Paros Accommodation\",\"description\":\"Studios &amp; Apartment holiday rental\",\"publisher\":{\"@id\":\"https:\\\/\\\/moschoula.com\\\/fr\\\/#organization\"},\"potentialAction\":[{\"@type\":\"SearchAction\",\"target\":{\"@type\":\"EntryPoint\",\"urlTemplate\":\"https:\\\/\\\/moschoula.com\\\/fr\\\/?s={search_term_string}\"},\"query-input\":{\"@type\":\"PropertyValueSpecification\",\"valueRequired\":true,\"valueName\":\"search_term_string\"}}],\"inLanguage\":\"fr-FR\"},{\"@type\":\"Organization\",\"@id\":\"https:\\\/\\\/moschoula.com\\\/fr\\\/#organization\",\"name\":\"Moschoula Studios & Apartment - Paros\",\"url\":\"https:\\\/\\\/moschoula.com\\\/fr\\\/\",\"logo\":{\"@type\":\"ImageObject\",\"inLanguage\":\"fr-FR\",\"@id\":\"https:\\\/\\\/moschoula.com\\\/fr\\\/#\\\/schema\\\/logo\\\/image\\\/\",\"url\":\"https:\\\/\\\/moschoula.com\\\/wp-content\\\/uploads\\\/2022\\\/04\\\/Moschoula-logo-2.svg\",\"contentUrl\":\"https:\\\/\\\/moschoula.com\\\/wp-content\\\/uploads\\\/2022\\\/04\\\/Moschoula-logo-2.svg\",\"width\":1,\"height\":1,\"caption\":\"Moschoula Studios & Apartment - Paros\"},\"image\":{\"@id\":\"https:\\\/\\\/moschoula.com\\\/fr\\\/#\\\/schema\\\/logo\\\/image\\\/\"}}]}<\/script>\n<!-- \/ Yoast SEO plugin. -->","yoast_head_json":{"title":"Questions Fr\u00e9quentes - Moschoula Paros Accommodation","description":"Des questions sur les Studios et Appartements Moschoula ? Quelques renseignements utiles pour votre s\u00e9jour \u00e0 Paros. Pour de plus amples informations, n'h\u00e9sitez pas \u00e0 contacter Moschoula. Demandez-nous si vous souhaitez des prestations suppl\u00e9mentaires pour rendre votre s\u00e9jour encore plus agr\u00e9able.","robots":{"index":"index","follow":"follow","max-snippet":"max-snippet:-1","max-image-preview":"max-image-preview:large","max-video-preview":"max-video-preview:-1"},"canonical":"https:\/\/moschoula.com\/fr\/questions-frequentes\/","og_locale":"fr_FR","og_type":"article","og_title":"Questions Fr\u00e9quentes - Moschoula Paros Accommodation","og_description":"Des questions sur les Studios et Appartements Moschoula ? Quelques renseignements utiles pour votre s\u00e9jour \u00e0 Paros. Pour de plus amples informations, n'h\u00e9sitez pas \u00e0 contacter Moschoula. Demandez-nous si vous souhaitez des prestations suppl\u00e9mentaires pour rendre votre s\u00e9jour encore plus agr\u00e9able.","og_url":"https:\/\/moschoula.com\/fr\/questions-frequentes\/","og_site_name":"Moschoula Paros Accommodation","article_modified_time":"2022-05-26T15:30:36+00:00","twitter_card":"summary_large_image","twitter_misc":{"Dur\u00e9e de lecture estim\u00e9e":"9 minutes"},"schema":{"@context":"https:\/\/schema.org","@graph":[{"@type":"WebPage","@id":"https:\/\/moschoula.com\/fr\/questions-frequentes\/","url":"https:\/\/moschoula.com\/fr\/questions-frequentes\/","name":"Questions Fr\u00e9quentes - Moschoula Paros Accommodation","isPartOf":{"@id":"https:\/\/moschoula.com\/fr\/#website"},"datePublished":"2022-05-08T15:41:22+00:00","dateModified":"2022-05-26T15:30:36+00:00","description":"Des questions sur les Studios et Appartements Moschoula ? Quelques renseignements utiles pour votre s\u00e9jour \u00e0 Paros. Pour de plus amples informations, n'h\u00e9sitez pas \u00e0 contacter Moschoula. Demandez-nous si vous souhaitez des prestations suppl\u00e9mentaires pour rendre votre s\u00e9jour encore plus agr\u00e9able.","breadcrumb":{"@id":"https:\/\/moschoula.com\/fr\/questions-frequentes\/#breadcrumb"},"inLanguage":"fr-FR","potentialAction":[{"@type":"ReadAction","target":["https:\/\/moschoula.com\/fr\/questions-frequentes\/"]}]},{"@type":"BreadcrumbList","@id":"https:\/\/moschoula.com\/fr\/questions-frequentes\/#breadcrumb","itemListElement":[{"@type":"ListItem","position":1,"name":"Home","item":"https:\/\/moschoula.com\/fr\/hebergement-paros\/"},{"@type":"ListItem","position":2,"name":"Questions Fr\u00e9quentes"}]},{"@type":"WebSite","@id":"https:\/\/moschoula.com\/fr\/#website","url":"https:\/\/moschoula.com\/fr\/","name":"Moschoula Paros Accommodation","description":"Studios &amp; Apartment holiday rental","publisher":{"@id":"https:\/\/moschoula.com\/fr\/#organization"},"potentialAction":[{"@type":"SearchAction","target":{"@type":"EntryPoint","urlTemplate":"https:\/\/moschoula.com\/fr\/?s={search_term_string}"},"query-input":{"@type":"PropertyValueSpecification","valueRequired":true,"valueName":"search_term_string"}}],"inLanguage":"fr-FR"},{"@type":"Organization","@id":"https:\/\/moschoula.com\/fr\/#organization","name":"Moschoula Studios & Apartment - Paros","url":"https:\/\/moschoula.com\/fr\/","logo":{"@type":"ImageObject","inLanguage":"fr-FR","@id":"https:\/\/moschoula.com\/fr\/#\/schema\/logo\/image\/","url":"https:\/\/moschoula.com\/wp-content\/uploads\/2022\/04\/Moschoula-logo-2.svg","contentUrl":"https:\/\/moschoula.com\/wp-content\/uploads\/2022\/04\/Moschoula-logo-2.svg","width":1,"height":1,"caption":"Moschoula Studios & Apartment - Paros"},"image":{"@id":"https:\/\/moschoula.com\/fr\/#\/schema\/logo\/image\/"}}]}},"_links":{"self":[{"href":"https:\/\/moschoula.com\/fr\/wp-json\/wp\/v2\/pages\/2978","targetHints":{"allow":["GET"]}}],"collection":[{"href":"https:\/\/moschoula.com\/fr\/wp-json\/wp\/v2\/pages"}],"about":[{"href":"https:\/\/moschoula.com\/fr\/wp-json\/wp\/v2\/types\/page"}],"author":[{"embeddable":true,"href":"https:\/\/moschoula.com\/fr\/wp-json\/wp\/v2\/users\/1"}],"replies":[{"embeddable":true,"href":"https:\/\/moschoula.com\/fr\/wp-json\/wp\/v2\/comments?post=2978"}],"version-history":[{"count":2,"href":"https:\/\/moschoula.com\/fr\/wp-json\/wp\/v2\/pages\/2978\/revisions"}],"predecessor-version":[{"id":2980,"href":"https:\/\/moschoula.com\/fr\/wp-json\/wp\/v2\/pages\/2978\/revisions\/2980"}],"wp:attachment":[{"href":"https:\/\/moschoula.com\/fr\/wp-json\/wp\/v2\/media?parent=2978"}],"curies":[{"name":"wp","href":"https:\/\/api.w.org\/{rel}","templated":true}]}}