{"id":2931,"date":"2022-03-10T17:42:50","date_gmt":"2022-03-10T15:42:50","guid":{"rendered":"https:\/\/staging2.moschoula.com\/randonnee-dans-les-environs\/"},"modified":"2023-04-12T14:37:55","modified_gmt":"2023-04-12T11:37:55","slug":"randonnee-dans-les-environs","status":"publish","type":"page","link":"https:\/\/moschoula.com\/fr\/randonnee-dans-les-environs\/","title":{"rendered":"Randonn\u00e9e dans les environs"},"content":{"rendered":"<div  class='flex_column av-1wuh0k-0b271db67fa818015f567ece59976e49 av_one_full  avia-builder-el-0  avia-builder-el-no-sibling  first flex_column_div  '     ><p>\n<style type=\"text\/css\" data-created_by=\"avia_inline_auto\" id=\"style-css-av-l2xgguq2-f6c960f15e56be2b49e0ec2f9ceef8a3\">\n#top .av-special-heading.av-l2xgguq2-f6c960f15e56be2b49e0ec2f9ceef8a3{\npadding-bottom:10px;\n}\nbody .av-special-heading.av-l2xgguq2-f6c960f15e56be2b49e0ec2f9ceef8a3 .av-special-heading-tag .heading-char{\nfont-size:25px;\n}\n.av-special-heading.av-l2xgguq2-f6c960f15e56be2b49e0ec2f9ceef8a3 .av-subheading{\nfont-size:15px;\n}\n<\/style>\n<div  class='av-special-heading av-l2xgguq2-f6c960f15e56be2b49e0ec2f9ceef8a3 av-special-heading-h1  avia-builder-el-1  el_before_av_slideshow  avia-builder-el-first '><h1 class='av-special-heading-tag '  itemprop=\"headline\"  >Promenez-vous dans les beaut\u00e9s secr\u00e8tes de Parikia<\/h1><div class=\"special-heading-border\"><div class=\"special-heading-inner-border\"><\/div><\/div><\/div><br \/>\n<div  class='avia-slideshow av-1ru71o-b1a6cd684dc7d3cc9d3cba969537906e avia-slideshow-no scaling av_slideshow avia-slide-slider  avia-builder-el-2  el_after_av_heading  el_before_av_hr  av-slideshow-ui av-control-minimal av-control-minimal-dark av-slideshow-autoplay av-loop-endless av-loop-manual-endless av-default-height-applied avia-slideshow-1' data-slideshow-options=\"{&quot;animation&quot;:&quot;slide&quot;,&quot;autoplay&quot;:true,&quot;loop_autoplay&quot;:&quot;endless&quot;,&quot;interval&quot;:5,&quot;loop_manual&quot;:&quot;manual-endless&quot;,&quot;autoplay_stopper&quot;:false,&quot;noNavigation&quot;:false,&quot;bg_slider&quot;:false,&quot;keep_padding&quot;:false,&quot;hoverpause&quot;:false,&quot;show_slide_delay&quot;:0}\"  itemprop=\"image\" itemscope=\"itemscope\" itemtype=\"https:\/\/schema.org\/ImageObject\" ><ul class='avia-slideshow-inner ' style='padding-bottom: 66.7%;'><li  class='avia-slideshow-slide av-1ru71o-b1a6cd684dc7d3cc9d3cba969537906e__0  slide-1 slide-odd'><div data-rel='slideshow-1' class='avia-slide-wrap '   ><div class='av-slideshow-caption av-1ru71o-b1a6cd684dc7d3cc9d3cba969537906e__0 avia-caption'><div class=\"avia-inner-caption\"><h2 class='avia-caption-title '  itemprop=\"name\" >Fin de la plage de Livadia<\/h2><div class='avia-caption-content '  itemprop=\"description\" ><p>Pass\u00e9 le Club Nautique de Voile, le chemin fait le tour de la baie de Parikia<\/p>\n<\/div><\/div><\/div><img decoding=\"async\" loading=\"lazy\" class=\"wp-image-2518 avia-img-lazy-loading-2518\"  src=\"https:\/\/moschoula.com\/wp-content\/uploads\/2022\/05\/parikia-hike-1.jpg\" width=\"1000\" height=\"667\" title='Parikia Randonn\u00e9e \u00e0 la plage de Krios' alt='Parikia Randonn\u00e9e \u00e0 la plage de Krios'  itemprop=\"thumbnailUrl\" srcset=\"https:\/\/moschoula.com\/wp-content\/uploads\/2022\/05\/parikia-hike-1.jpg 1000w, https:\/\/moschoula.com\/wp-content\/uploads\/2022\/05\/parikia-hike-1-300x200.jpg 300w, https:\/\/moschoula.com\/wp-content\/uploads\/2022\/05\/parikia-hike-1-768x512.jpg 768w, https:\/\/moschoula.com\/wp-content\/uploads\/2022\/05\/parikia-hike-1-705x470.jpg 705w\" sizes=\"auto, (max-width: 1000px) 100vw, 1000px\" \/><\/div><\/li><li  class='avia-slideshow-slide av-1ru71o-b1a6cd684dc7d3cc9d3cba969537906e__1  slide-2 slide-even'><div data-rel='slideshow-1' class='avia-slide-wrap '   ><div class='av-slideshow-caption av-1ru71o-b1a6cd684dc7d3cc9d3cba969537906e__1 avia-caption'><div class=\"avia-inner-caption\"><h2 class='avia-caption-title '  itemprop=\"name\" >La pointe de la baie de Parikia<\/h2><div class='avia-caption-content '  itemprop=\"description\" ><p>le chemin descendra ensuite vers la c\u00f4te<\/p>\n<\/div><\/div><\/div><img decoding=\"async\" loading=\"lazy\" class=\"wp-image-2519 avia-img-lazy-loading-2519\"  src=\"https:\/\/moschoula.com\/wp-content\/uploads\/2022\/05\/parikia-hike-2.jpg\" width=\"1000\" height=\"667\" title='Parikia Randonn\u00e9e \u00e0 la plage de Krios' alt='Parikia Randonn\u00e9e \u00e0 la plage de Krios'  itemprop=\"thumbnailUrl\" srcset=\"https:\/\/moschoula.com\/wp-content\/uploads\/2022\/05\/parikia-hike-2.jpg 1000w, https:\/\/moschoula.com\/wp-content\/uploads\/2022\/05\/parikia-hike-2-300x200.jpg 300w, https:\/\/moschoula.com\/wp-content\/uploads\/2022\/05\/parikia-hike-2-768x512.jpg 768w, https:\/\/moschoula.com\/wp-content\/uploads\/2022\/05\/parikia-hike-2-705x470.jpg 705w\" sizes=\"auto, (max-width: 1000px) 100vw, 1000px\" \/><\/div><\/li><li  class='avia-slideshow-slide av-1ru71o-b1a6cd684dc7d3cc9d3cba969537906e__2  slide-3 slide-odd'><div data-rel='slideshow-1' class='avia-slide-wrap '   ><div class='av-slideshow-caption av-1ru71o-b1a6cd684dc7d3cc9d3cba969537906e__2 avia-caption'><div class=\"avia-inner-caption\"><h2 class='avia-caption-title '  itemprop=\"name\" >En descendant vers la c\u00f4te<\/h2><\/div><\/div><img decoding=\"async\" loading=\"lazy\" class=\"wp-image-2523 avia-img-lazy-loading-2523\"  src=\"https:\/\/moschoula.com\/wp-content\/uploads\/2022\/05\/parikia-hike-6.jpg\" width=\"1000\" height=\"667\" title='Parikia Randonn\u00e9e \u00e0 Krios et Agios Fokas' alt='Parikia Randonn\u00e9e \u00e0 Krios et Agios Fokas'  itemprop=\"thumbnailUrl\" srcset=\"https:\/\/moschoula.com\/wp-content\/uploads\/2022\/05\/parikia-hike-6.jpg 1000w, https:\/\/moschoula.com\/wp-content\/uploads\/2022\/05\/parikia-hike-6-300x200.jpg 300w, https:\/\/moschoula.com\/wp-content\/uploads\/2022\/05\/parikia-hike-6-768x512.jpg 768w, https:\/\/moschoula.com\/wp-content\/uploads\/2022\/05\/parikia-hike-6-705x470.jpg 705w\" sizes=\"auto, (max-width: 1000px) 100vw, 1000px\" \/><\/div><\/li><li  class='avia-slideshow-slide av-1ru71o-b1a6cd684dc7d3cc9d3cba969537906e__3  slide-4 slide-even'><div data-rel='slideshow-1' class='avia-slide-wrap '   ><div class='av-slideshow-caption av-1ru71o-b1a6cd684dc7d3cc9d3cba969537906e__3 avia-caption'><div class=\"avia-inner-caption\"><h2 class='avia-caption-title '  itemprop=\"name\" >Arrivant \u00e0 la plage de Krios<\/h2><\/div><\/div><img decoding=\"async\" loading=\"lazy\" class=\"wp-image-2520 avia-img-lazy-loading-2520\"  src=\"https:\/\/moschoula.com\/wp-content\/uploads\/2022\/05\/parikia-hike-3.jpg\" width=\"1000\" height=\"667\" title='Plage de Krios Parikia Paros' alt='Plage de Krios Parikia Paros'  itemprop=\"thumbnailUrl\" srcset=\"https:\/\/moschoula.com\/wp-content\/uploads\/2022\/05\/parikia-hike-3.jpg 1000w, https:\/\/moschoula.com\/wp-content\/uploads\/2022\/05\/parikia-hike-3-300x200.jpg 300w, https:\/\/moschoula.com\/wp-content\/uploads\/2022\/05\/parikia-hike-3-768x512.jpg 768w, https:\/\/moschoula.com\/wp-content\/uploads\/2022\/05\/parikia-hike-3-705x470.jpg 705w\" sizes=\"auto, (max-width: 1000px) 100vw, 1000px\" \/><\/div><\/li><li  class='avia-slideshow-slide av-1ru71o-b1a6cd684dc7d3cc9d3cba969537906e__4  slide-5 slide-odd'><div data-rel='slideshow-1' class='avia-slide-wrap '   ><div class='av-slideshow-caption av-1ru71o-b1a6cd684dc7d3cc9d3cba969537906e__4 avia-caption'><div class=\"avia-inner-caption\"><h2 class='avia-caption-title '  itemprop=\"name\" >Plage Marcello<\/h2><\/div><\/div><img decoding=\"async\" loading=\"lazy\" class=\"wp-image-2524 avia-img-lazy-loading-2524\"  src=\"https:\/\/moschoula.com\/wp-content\/uploads\/2022\/05\/parikia-hike-7.jpg\" width=\"1000\" height=\"667\" title='Parikia Randonn\u00e9e Plage Marcello' alt='Parikia Randonn\u00e9e Plage Marcello'  itemprop=\"thumbnailUrl\" srcset=\"https:\/\/moschoula.com\/wp-content\/uploads\/2022\/05\/parikia-hike-7.jpg 1000w, https:\/\/moschoula.com\/wp-content\/uploads\/2022\/05\/parikia-hike-7-300x200.jpg 300w, https:\/\/moschoula.com\/wp-content\/uploads\/2022\/05\/parikia-hike-7-768x512.jpg 768w, https:\/\/moschoula.com\/wp-content\/uploads\/2022\/05\/parikia-hike-7-705x470.jpg 705w\" sizes=\"auto, (max-width: 1000px) 100vw, 1000px\" \/><\/div><\/li><li  class='avia-slideshow-slide av-1ru71o-b1a6cd684dc7d3cc9d3cba969537906e__5  slide-6 slide-even'><div data-rel='slideshow-1' class='avia-slide-wrap '   ><div class='av-slideshow-caption av-1ru71o-b1a6cd684dc7d3cc9d3cba969537906e__5 avia-caption'><div class=\"avia-inner-caption\"><h2 class='avia-caption-title '  itemprop=\"name\" >Plage Marcello<\/h2><\/div><\/div><img decoding=\"async\" loading=\"lazy\" class=\"wp-image-2525 avia-img-lazy-loading-2525\"  src=\"https:\/\/moschoula.com\/wp-content\/uploads\/2022\/05\/parikia-hike-8.jpg\" width=\"1000\" height=\"667\" title='Parikia Randonn\u00e9e Plage Marcello' alt='Parikia Randonn\u00e9e Plage Marcello'  itemprop=\"thumbnailUrl\" srcset=\"https:\/\/moschoula.com\/wp-content\/uploads\/2022\/05\/parikia-hike-8.jpg 1000w, https:\/\/moschoula.com\/wp-content\/uploads\/2022\/05\/parikia-hike-8-300x200.jpg 300w, https:\/\/moschoula.com\/wp-content\/uploads\/2022\/05\/parikia-hike-8-768x512.jpg 768w, https:\/\/moschoula.com\/wp-content\/uploads\/2022\/05\/parikia-hike-8-705x470.jpg 705w\" sizes=\"auto, (max-width: 1000px) 100vw, 1000px\" \/><\/div><\/li><li  class='avia-slideshow-slide av-1ru71o-b1a6cd684dc7d3cc9d3cba969537906e__6  slide-7 slide-odd'><div data-rel='slideshow-1' class='avia-slide-wrap '   ><div class='av-slideshow-caption av-1ru71o-b1a6cd684dc7d3cc9d3cba969537906e__6 avia-caption'><div class=\"avia-inner-caption\"><h2 class='avia-caption-title '  itemprop=\"name\" >Kaminia<\/h2><div class='avia-caption-content '  itemprop=\"description\" ><p>Petite crique apr\u00e8s la plage de Marcello.<\/p>\n<\/div><\/div><\/div><img decoding=\"async\" loading=\"lazy\" class=\"wp-image-2521 avia-img-lazy-loading-2521\"  src=\"https:\/\/moschoula.com\/wp-content\/uploads\/2022\/05\/parikia-hike-4.jpg\" width=\"1000\" height=\"667\" title='Plage de Kaminia Parikia Paros' alt='Plage de Kaminia Parikia Paros'  itemprop=\"thumbnailUrl\" srcset=\"https:\/\/moschoula.com\/wp-content\/uploads\/2022\/05\/parikia-hike-4.jpg 1000w, https:\/\/moschoula.com\/wp-content\/uploads\/2022\/05\/parikia-hike-4-300x200.jpg 300w, https:\/\/moschoula.com\/wp-content\/uploads\/2022\/05\/parikia-hike-4-768x512.jpg 768w, https:\/\/moschoula.com\/wp-content\/uploads\/2022\/05\/parikia-hike-4-705x470.jpg 705w\" sizes=\"auto, (max-width: 1000px) 100vw, 1000px\" \/><\/div><\/li><li  class='avia-slideshow-slide av-1ru71o-b1a6cd684dc7d3cc9d3cba969537906e__7  slide-8 slide-even'><div data-rel='slideshow-1' class='avia-slide-wrap '   ><div class='av-slideshow-caption av-1ru71o-b1a6cd684dc7d3cc9d3cba969537906e__7 avia-caption'><div class=\"avia-inner-caption\"><h2 class='avia-caption-title '  itemprop=\"name\" >L\u2019\u00c9glise d\u2019Agios Fokas<\/h2><\/div><\/div><img decoding=\"async\" loading=\"lazy\" class=\"wp-image-2522 avia-img-lazy-loading-2522\"  src=\"https:\/\/moschoula.com\/wp-content\/uploads\/2022\/05\/parikia-hike-5.jpg\" width=\"1000\" height=\"667\" title='Agios Fokas Paros' alt='Agios Fokas Paros'  itemprop=\"thumbnailUrl\" srcset=\"https:\/\/moschoula.com\/wp-content\/uploads\/2022\/05\/parikia-hike-5.jpg 1000w, https:\/\/moschoula.com\/wp-content\/uploads\/2022\/05\/parikia-hike-5-300x200.jpg 300w, https:\/\/moschoula.com\/wp-content\/uploads\/2022\/05\/parikia-hike-5-768x512.jpg 768w, https:\/\/moschoula.com\/wp-content\/uploads\/2022\/05\/parikia-hike-5-705x470.jpg 705w\" sizes=\"auto, (max-width: 1000px) 100vw, 1000px\" \/><\/div><\/li><li  class='avia-slideshow-slide av-1ru71o-b1a6cd684dc7d3cc9d3cba969537906e__8  slide-9 slide-odd'><div data-rel='slideshow-1' class='avia-slide-wrap '   ><div class='av-slideshow-caption av-1ru71o-b1a6cd684dc7d3cc9d3cba969537906e__8 avia-caption'><div class=\"avia-inner-caption\"><h2 class='avia-caption-title '  itemprop=\"name\" >Delion<\/h2><div class='avia-caption-content '  itemprop=\"description\" ><p>Temple d\u00e9di\u00e9 \u00e0 Apollon et Art\u00e9mis<\/p>\n<\/div><\/div><\/div><img decoding=\"async\" loading=\"lazy\" class=\"wp-image-2526 avia-img-lazy-loading-2526\"  src=\"https:\/\/moschoula.com\/wp-content\/uploads\/2022\/05\/parikia-hike-9.jpg\" width=\"1000\" height=\"750\" title='Parikia Randonn\u00e9e Delion temple d&#039;Apollon' alt='Parikia Randonn\u00e9e Delion temple d&#039;Apollon'  itemprop=\"thumbnailUrl\" srcset=\"https:\/\/moschoula.com\/wp-content\/uploads\/2022\/05\/parikia-hike-9.jpg 1000w, https:\/\/moschoula.com\/wp-content\/uploads\/2022\/05\/parikia-hike-9-300x225.jpg 300w, https:\/\/moschoula.com\/wp-content\/uploads\/2022\/05\/parikia-hike-9-768x576.jpg 768w, https:\/\/moschoula.com\/wp-content\/uploads\/2022\/05\/parikia-hike-9-705x529.jpg 705w\" sizes=\"auto, (max-width: 1000px) 100vw, 1000px\" \/><\/div><\/li><\/ul><div class='avia-slideshow-arrows avia-slideshow-controls' ><a href='#prev' class='prev-slide ' aria-hidden='true' data-av_icon='\ue87c' data-av_iconfont='entypo-fontello'  tabindex='-1'>Pr\u00e9c\u00e9dent<\/a><a href='#next' class='next-slide ' aria-hidden='true' data-av_icon='\ue87d' data-av_iconfont='entypo-fontello'  tabindex='-1'>Suivant<\/a><\/div><div class='avia-slideshow-dots avia-slideshow-controls'><a href='#1' class='goto-slide active' >1<\/a><a href='#2' class='goto-slide ' >2<\/a><a href='#3' class='goto-slide ' >3<\/a><a href='#4' class='goto-slide ' >4<\/a><a href='#5' class='goto-slide ' >5<\/a><a href='#6' class='goto-slide ' >6<\/a><a href='#7' class='goto-slide ' >7<\/a><a href='#8' class='goto-slide ' >8<\/a><a href='#9' class='goto-slide ' >9<\/a><\/div><\/div><br \/>\n\n<style type=\"text\/css\" data-created_by=\"avia_inline_auto\" id=\"style-css-av-l35t2hhh-d6342ba478c2541a43c6b2afe3c2e037\">\n#top .hr.av-l35t2hhh-d6342ba478c2541a43c6b2afe3c2e037{\nmargin-top:30px;\nmargin-bottom:30px;\n}\n.hr.av-l35t2hhh-d6342ba478c2541a43c6b2afe3c2e037 .hr-inner{\nwidth:50px;\nmax-width:45%;\n}\n<\/style>\n<div  class='hr av-l35t2hhh-d6342ba478c2541a43c6b2afe3c2e037 hr-custom  avia-builder-el-3  el_after_av_slideshow  el_before_av_heading  hr-center hr-icon-yes'><span class='hr-inner inner-border-av-border-thin'><span class=\"hr-inner-style\"><\/span><\/span><span class='av-seperator-icon' aria-hidden='true' data-av_icon='\ue8ce' data-av_iconfont='entypo-fontello'><\/span><span class='hr-inner inner-border-av-border-thin'><span class=\"hr-inner-style\"><\/span><\/span><\/div><br \/>\n\n<style type=\"text\/css\" data-created_by=\"avia_inline_auto\" id=\"style-css-av-l35y5aa4-df2402eedd4baa435af6efdfc4fce3f2\">\n#top .av-special-heading.av-l35y5aa4-df2402eedd4baa435af6efdfc4fce3f2{\npadding-bottom:10px;\n}\nbody .av-special-heading.av-l35y5aa4-df2402eedd4baa435af6efdfc4fce3f2 .av-special-heading-tag .heading-char{\nfont-size:25px;\n}\n.av-special-heading.av-l35y5aa4-df2402eedd4baa435af6efdfc4fce3f2 .av-subheading{\nfont-size:20px;\n}\n<\/style>\n<div  class='av-special-heading av-l35y5aa4-df2402eedd4baa435af6efdfc4fce3f2 av-special-heading-h2 blockquote modern-quote  avia-builder-el-4  el_after_av_hr  el_before_av_hr '><h2 class='av-special-heading-tag '  itemprop=\"headline\"  >Randonn\u00e9es et promenades sur l\u2019\u00eele de Paros :<\/h2><div class='av-subheading av-subheading_below'><p>Promenade Parikia-Aghios Fokas, \u00e9difice arqu\u00e9 et temple de Delion Apollon<\/p>\n<\/div><div class=\"special-heading-border\"><div class=\"special-heading-inner-border\"><\/div><\/div><\/div><br \/>\n\n<style type=\"text\/css\" data-created_by=\"avia_inline_auto\" id=\"style-css-av-7icqc-44fac8b897d2d15b3ad165a67946ed0f\">\n#top .hr.hr-invisible.av-7icqc-44fac8b897d2d15b3ad165a67946ed0f{\nheight:20px;\n}\n<\/style>\n<div  class='hr av-7icqc-44fac8b897d2d15b3ad165a67946ed0f hr-invisible  avia-builder-el-5  el_after_av_heading  el_before_av_textblock '><span class='hr-inner '><span class=\"hr-inner-style\"><\/span><\/span><\/div><br \/>\n\n<style type=\"text\/css\" data-created_by=\"avia_inline_auto\" id=\"style-css-av-l35t3esr-09c34f2eea878b80700f35d6869a29b4\">\n#top .av_textblock_section.av-l35t3esr-09c34f2eea878b80700f35d6869a29b4 .avia_textblock{\ncolumn-count:2;\n}\n<\/style>\n<section  class='av_textblock_section av-l35t3esr-09c34f2eea878b80700f35d6869a29b4 '   itemscope=\"itemscope\" itemtype=\"https:\/\/schema.org\/CreativeWork\" ><div class='avia_textblock av_multi_colums'  itemprop=\"text\" ><p>Une des promenades recommand\u00e9es pour les amateurs de randonn\u00e9es pendant leurs vacances sur l\u2019\u00eele de Paros longe la baie sur six kilom\u00e8tres, de Parikia \u00e0 l\u2019\u00e9glise d\u2019Agios Phocas. <strong>Cette chapelle d\u00e9di\u00e9e \u00e0 Saint Phocas et \u00e0 l\u2019Ascension<\/strong> ferme la baie de Parikia. <strong>Pour y arriver, vous devez marcher le long de la c\u00f4te qui fait le tour de la baie de Parikia<\/strong> jusqu&rsquo;\u00e0 ce que vous atteigniez la pointe de la baie, o\u00f9 vous trouverez une plage de sable (avec beaucoup d&rsquo;algues) et un phare qui accueille les bateaux qui arrivent dans le port de Parikia. Vous passerez par les <strong>plages de Livadia, Krios et Martsello<\/strong> et plusieurs criques de sable sur le chemin.<\/p>\n<p>A mi-chemin, juste avant le camping de Krios, se trouvent <strong>les ruines d\u2019un b\u00e2timent de 23 m\u00e8tres de long<\/strong>sur 8 m\u00e8tres 40 de large. Sur la fa\u00e7ade est, on distingue une sc\u00e8ne avec des gradins en marbre. Dans l\u2019antiquit\u00e9, Le b\u00e2timent \u00e9tait probablement un conservatoire ou un \u00abnymphaeum\u00bb, puis une villa \u00e0 l\u2019\u00e9poque romaine. Sur le c\u00f4t\u00e9 est du b\u00e2timent, on peut discerner une sorte de sc\u00e8ne comprenant neuf si\u00e8ges en marbre qui proviennent de l&rsquo;ancienne assembl\u00e9e de vote de Paros.<\/p>\n<p>En haut de la colline juste au-dessus de Krios, se dressent les ruines d\u2019un <strong>temple antique d\u00e9di\u00e9 \u00e0 l\u2019 Apollon de D\u00e9los et \u00e0 Art\u00e9mis<\/strong>\u00e9rig\u00e9 aux VIII\u00e8me et IX\u00e8me av. J.C. A l&rsquo;int\u00e9rieur du temple, les fid\u00e8les faisaient des offrandes votives aux statues d&rsquo;Art\u00e9mis et d&rsquo;Apollon. Aujourd\u2019hui, <strong>la statue d\u2019Art\u00e9mis est expos\u00e9e au mus\u00e9e arch\u00e9ologique de Parikia.<\/strong> C\u2019est l\u2019une des rares statues de ce genre qui nous a \u00e9t\u00e9 transmise depuis l\u2019Antiquit\u00e9. C\u2019est une statue (une Cor\u00e9 antique) tr\u00e8s bien conserv\u00e9e, de 3,10 m de haut constitu\u00e9e de 41 pi\u00e8ces de marbre. Elle daterait de 490-480 av J.C. Malheureusement celle de son fr\u00e8re Apollon n\u2019a pas \u00e9t\u00e9 retrouv\u00e9e.<\/p>\n<p><strong>Pour rejoindre le somment de la colline, il vous faut soit prendre la route de Kalami<\/strong> puis tourner \u00e0 gauche au panneau \u201cTemple de Delion Apollon\u201d soit celle venant du camping Krios. Jusqu\u2019\u00e0 la route principale, tourner \u00e0 droite puis \u00e0 gauche et continuer \u00e0 monter jusqu\u2019au sommet de la colline d\u2019o\u00f9 vous aurez une superbe vue sur toute la baie de Parikia.<\/p>\n<\/div><\/section><\/p><\/div>\n","protected":false},"excerpt":{"rendered":"","protected":false},"author":1,"featured_media":0,"parent":0,"menu_order":0,"comment_status":"closed","ping_status":"closed","template":"","meta":{"footnotes":""},"class_list":["post-2931","page","type-page","status-publish","hentry"],"yoast_head":"<!-- This site is optimized with the Yoast SEO plugin v27.4 - https:\/\/yoast.com\/product\/yoast-seo-wordpress\/ -->\n<title>Une randonn\u00e9e - \u00e0 proximit\u00e9 des Studios &amp; Appartements de Moschoula<\/title>\n<meta name=\"description\" content=\"Promenades et randonn\u00e9es sur l\u2019Ile de Paros : Marche de Parikia \u00e0 Agios Fokas, \u00e9difice \u00e0 arc et temple de Delion Apollon\" \/>\n<meta name=\"robots\" content=\"noindex, follow\" \/>\n<meta property=\"og:locale\" content=\"fr_FR\" \/>\n<meta property=\"og:type\" content=\"article\" \/>\n<meta property=\"og:title\" content=\"Une randonn\u00e9e - \u00e0 proximit\u00e9 des Studios &amp; Appartements de Moschoula\" \/>\n<meta property=\"og:description\" content=\"Promenades et randonn\u00e9es sur l\u2019Ile de Paros : Marche de Parikia \u00e0 Agios Fokas, \u00e9difice \u00e0 arc et temple de Delion Apollon\" \/>\n<meta property=\"og:url\" content=\"https:\/\/moschoula.com\/fr\/randonnee-dans-les-environs\/\" \/>\n<meta property=\"og:site_name\" content=\"Moschoula Paros Accommodation\" \/>\n<meta property=\"article:modified_time\" content=\"2023-04-12T11:37:55+00:00\" \/>\n<meta name=\"twitter:card\" content=\"summary_large_image\" \/>\n<meta name=\"twitter:label1\" content=\"Dur\u00e9e de lecture estim\u00e9e\" \/>\n\t<meta name=\"twitter:data1\" content=\"9 minutes\" \/>\n<script type=\"application\/ld+json\" class=\"yoast-schema-graph\">{\"@context\":\"https:\\\/\\\/schema.org\",\"@graph\":[{\"@type\":\"WebPage\",\"@id\":\"https:\\\/\\\/moschoula.com\\\/fr\\\/randonnee-dans-les-environs\\\/\",\"url\":\"https:\\\/\\\/moschoula.com\\\/fr\\\/randonnee-dans-les-environs\\\/\",\"name\":\"Une randonn\u00e9e - \u00e0 proximit\u00e9 des Studios & Appartements de Moschoula\",\"isPartOf\":{\"@id\":\"https:\\\/\\\/moschoula.com\\\/fr\\\/#website\"},\"datePublished\":\"2022-03-10T15:42:50+00:00\",\"dateModified\":\"2023-04-12T11:37:55+00:00\",\"description\":\"Promenades et randonn\u00e9es sur l\u2019Ile de Paros : Marche de Parikia \u00e0 Agios Fokas, \u00e9difice \u00e0 arc et temple de Delion Apollon\",\"breadcrumb\":{\"@id\":\"https:\\\/\\\/moschoula.com\\\/fr\\\/randonnee-dans-les-environs\\\/#breadcrumb\"},\"inLanguage\":\"fr-FR\",\"potentialAction\":[{\"@type\":\"ReadAction\",\"target\":[\"https:\\\/\\\/moschoula.com\\\/fr\\\/randonnee-dans-les-environs\\\/\"]}]},{\"@type\":\"BreadcrumbList\",\"@id\":\"https:\\\/\\\/moschoula.com\\\/fr\\\/randonnee-dans-les-environs\\\/#breadcrumb\",\"itemListElement\":[{\"@type\":\"ListItem\",\"position\":1,\"name\":\"Home\",\"item\":\"https:\\\/\\\/moschoula.com\\\/fr\\\/hebergement-paros\\\/\"},{\"@type\":\"ListItem\",\"position\":2,\"name\":\"Randonn\u00e9e dans les environs\"}]},{\"@type\":\"WebSite\",\"@id\":\"https:\\\/\\\/moschoula.com\\\/fr\\\/#website\",\"url\":\"https:\\\/\\\/moschoula.com\\\/fr\\\/\",\"name\":\"Moschoula Paros Accommodation\",\"description\":\"Studios &amp; Apartment holiday rental\",\"publisher\":{\"@id\":\"https:\\\/\\\/moschoula.com\\\/fr\\\/#organization\"},\"potentialAction\":[{\"@type\":\"SearchAction\",\"target\":{\"@type\":\"EntryPoint\",\"urlTemplate\":\"https:\\\/\\\/moschoula.com\\\/fr\\\/?s={search_term_string}\"},\"query-input\":{\"@type\":\"PropertyValueSpecification\",\"valueRequired\":true,\"valueName\":\"search_term_string\"}}],\"inLanguage\":\"fr-FR\"},{\"@type\":\"Organization\",\"@id\":\"https:\\\/\\\/moschoula.com\\\/fr\\\/#organization\",\"name\":\"Moschoula Studios & Apartment - Paros\",\"url\":\"https:\\\/\\\/moschoula.com\\\/fr\\\/\",\"logo\":{\"@type\":\"ImageObject\",\"inLanguage\":\"fr-FR\",\"@id\":\"https:\\\/\\\/moschoula.com\\\/fr\\\/#\\\/schema\\\/logo\\\/image\\\/\",\"url\":\"https:\\\/\\\/moschoula.com\\\/wp-content\\\/uploads\\\/2022\\\/04\\\/Moschoula-logo-2.svg\",\"contentUrl\":\"https:\\\/\\\/moschoula.com\\\/wp-content\\\/uploads\\\/2022\\\/04\\\/Moschoula-logo-2.svg\",\"width\":1,\"height\":1,\"caption\":\"Moschoula Studios & Apartment - Paros\"},\"image\":{\"@id\":\"https:\\\/\\\/moschoula.com\\\/fr\\\/#\\\/schema\\\/logo\\\/image\\\/\"}}]}<\/script>\n<!-- \/ Yoast SEO plugin. -->","yoast_head_json":{"title":"Une randonn\u00e9e - \u00e0 proximit\u00e9 des Studios & Appartements de Moschoula","description":"Promenades et randonn\u00e9es sur l\u2019Ile de Paros : Marche de Parikia \u00e0 Agios Fokas, \u00e9difice \u00e0 arc et temple de Delion Apollon","robots":{"index":"noindex","follow":"follow"},"og_locale":"fr_FR","og_type":"article","og_title":"Une randonn\u00e9e - \u00e0 proximit\u00e9 des Studios & Appartements de Moschoula","og_description":"Promenades et randonn\u00e9es sur l\u2019Ile de Paros : Marche de Parikia \u00e0 Agios Fokas, \u00e9difice \u00e0 arc et temple de Delion Apollon","og_url":"https:\/\/moschoula.com\/fr\/randonnee-dans-les-environs\/","og_site_name":"Moschoula Paros Accommodation","article_modified_time":"2023-04-12T11:37:55+00:00","twitter_card":"summary_large_image","twitter_misc":{"Dur\u00e9e de lecture estim\u00e9e":"9 minutes"},"schema":{"@context":"https:\/\/schema.org","@graph":[{"@type":"WebPage","@id":"https:\/\/moschoula.com\/fr\/randonnee-dans-les-environs\/","url":"https:\/\/moschoula.com\/fr\/randonnee-dans-les-environs\/","name":"Une randonn\u00e9e - \u00e0 proximit\u00e9 des Studios & Appartements de Moschoula","isPartOf":{"@id":"https:\/\/moschoula.com\/fr\/#website"},"datePublished":"2022-03-10T15:42:50+00:00","dateModified":"2023-04-12T11:37:55+00:00","description":"Promenades et randonn\u00e9es sur l\u2019Ile de Paros : Marche de Parikia \u00e0 Agios Fokas, \u00e9difice \u00e0 arc et temple de Delion Apollon","breadcrumb":{"@id":"https:\/\/moschoula.com\/fr\/randonnee-dans-les-environs\/#breadcrumb"},"inLanguage":"fr-FR","potentialAction":[{"@type":"ReadAction","target":["https:\/\/moschoula.com\/fr\/randonnee-dans-les-environs\/"]}]},{"@type":"BreadcrumbList","@id":"https:\/\/moschoula.com\/fr\/randonnee-dans-les-environs\/#breadcrumb","itemListElement":[{"@type":"ListItem","position":1,"name":"Home","item":"https:\/\/moschoula.com\/fr\/hebergement-paros\/"},{"@type":"ListItem","position":2,"name":"Randonn\u00e9e dans les environs"}]},{"@type":"WebSite","@id":"https:\/\/moschoula.com\/fr\/#website","url":"https:\/\/moschoula.com\/fr\/","name":"Moschoula Paros Accommodation","description":"Studios &amp; Apartment holiday rental","publisher":{"@id":"https:\/\/moschoula.com\/fr\/#organization"},"potentialAction":[{"@type":"SearchAction","target":{"@type":"EntryPoint","urlTemplate":"https:\/\/moschoula.com\/fr\/?s={search_term_string}"},"query-input":{"@type":"PropertyValueSpecification","valueRequired":true,"valueName":"search_term_string"}}],"inLanguage":"fr-FR"},{"@type":"Organization","@id":"https:\/\/moschoula.com\/fr\/#organization","name":"Moschoula Studios & Apartment - Paros","url":"https:\/\/moschoula.com\/fr\/","logo":{"@type":"ImageObject","inLanguage":"fr-FR","@id":"https:\/\/moschoula.com\/fr\/#\/schema\/logo\/image\/","url":"https:\/\/moschoula.com\/wp-content\/uploads\/2022\/04\/Moschoula-logo-2.svg","contentUrl":"https:\/\/moschoula.com\/wp-content\/uploads\/2022\/04\/Moschoula-logo-2.svg","width":1,"height":1,"caption":"Moschoula Studios & Apartment - Paros"},"image":{"@id":"https:\/\/moschoula.com\/fr\/#\/schema\/logo\/image\/"}}]}},"_links":{"self":[{"href":"https:\/\/moschoula.com\/fr\/wp-json\/wp\/v2\/pages\/2931","targetHints":{"allow":["GET"]}}],"collection":[{"href":"https:\/\/moschoula.com\/fr\/wp-json\/wp\/v2\/pages"}],"about":[{"href":"https:\/\/moschoula.com\/fr\/wp-json\/wp\/v2\/types\/page"}],"author":[{"embeddable":true,"href":"https:\/\/moschoula.com\/fr\/wp-json\/wp\/v2\/users\/1"}],"replies":[{"embeddable":true,"href":"https:\/\/moschoula.com\/fr\/wp-json\/wp\/v2\/comments?post=2931"}],"version-history":[{"count":11,"href":"https:\/\/moschoula.com\/fr\/wp-json\/wp\/v2\/pages\/2931\/revisions"}],"predecessor-version":[{"id":3289,"href":"https:\/\/moschoula.com\/fr\/wp-json\/wp\/v2\/pages\/2931\/revisions\/3289"}],"wp:attachment":[{"href":"https:\/\/moschoula.com\/fr\/wp-json\/wp\/v2\/media?parent=2931"}],"curies":[{"name":"wp","href":"https:\/\/api.w.org\/{rel}","templated":true}]}}